{"id":11,"date":"2012-01-03T23:04:41","date_gmt":"2012-01-03T23:04:41","guid":{"rendered":"http:\/\/solidhouse.sinapto.net\/wordpress\/?page_id=11"},"modified":"2013-11-23T16:12:39","modified_gmt":"2013-11-23T16:12:39","slug":"i-principi-che-ci-guidano","status":"publish","type":"page","link":"https:\/\/www.housingco.org\/?page_id=11","title":{"rendered":"Obiettivi"},"content":{"rendered":"<ul>\n<li style=\"text-align: justify;\"><strong>Realizzare una comunit\u00e0 intergenerazionale di coabitazione sostenibile<\/strong>, basata su un modello di convivenza attiva e democrazia partecipata, sul reciproco sostegno e sulla volont\u00e0 di diventare soggetto aperto alle esigenze della comunit\u00e0 circostante mediante la promozione di attivit\u00e0 di natura sociale favore del territorio. La comunit\u00e0 si ispira ai principi di rispetto dell\u2019individuo, reciproca accettazione, <strong>solidariet\u00e0, sussidiariet\u00e0 e sostegno intergenerazionale<\/strong>, con riguardo verso soggetti deboli<\/li>\n<li style=\"text-align: justify;\">Promuovere una diversa progettazione degli spazi residenziali volta a <strong>favorire le relazioni anzich\u00e9 l&#8217;isolamento<\/strong><\/li>\n<li style=\"text-align: justify;\">Promuovere tra i soci uno stile di vita orientato all\u2019apertura all\u2019altro, alla relazione, alla condivisione e al reciproco aiuto, attraverso attivit\u00e0 esperienziali di convivenza, anche attraverso l&#8217;utilizzo di spazi comuni e attivit\u00e0 condivise<\/li>\n<li style=\"text-align: justify;\">Favorire la <strong>coesione sociale<\/strong> e rispondere ai bisogni di soggetti\u00a0 fragili del territorio di riferimento in sinergia e in collaborazione con i servizi del territorio attivando percorsi di affido, percorsi di inclusione sociale e housing sociale, ecc.<\/li>\n<li style=\"text-align: justify;\">Promuovere e sostenere i principi del \u201ccohousing\u201d o \u201ccoabitazione\u201d sul territorio cittadino, regionale e nazionale, sensibilizzando enti pubblici, istituzioni ed enti del privato sociale ed organizzando incontri e dibattiti attraverso i quali suscitare interesse intorno al progetto e alle sue finalit\u00e0 sociali<\/li>\n<li style=\"text-align: justify;\">Promuovere la s<strong>perimentazione del metodo del consenso<\/strong>, basata su tecniche di comunicazione non violenta e attraverso pratiche decisionali consensuali<\/li>\n<li style=\"text-align: justify;\">Concorrere a costruire <strong>culture di pace<\/strong>, fatte di condivisione, di scambio <strong>interculturale e intergenerazionale<\/strong>, promuovendo la gestione nonviolenta dei conflitti, la valorizzazione delle differenze, e l&#8217;interazione di culture differenti<\/li>\n<li style=\"text-align: justify;\">Favorire lo scambio delle esperienze, la condivisione di risorse ed informazioni e le <strong>sinergie tra le associazioni<\/strong> e gli operatori che si occupano a vario titolo di cohousing, housing sociale e promozione famigliare<\/li>\n<li style=\"text-align: justify;\"><strong>Supportare lo sviluppo e la crescita di case famiglia<\/strong> e di progetti volti a garantire il diritto di ogni minore ad avere una famiglia in Italia e nei paesi in via di sviluppo in collaborazione con altri enti<\/li>\n<li style=\"text-align: justify;\">Promuovere la nascita di una <strong>banca del tempo<\/strong> come modello di solidariet\u00e0 orizzontale che valorizzi i saperi e le competenze di ognuno e sostenga la rinascita di reti relazioni e comunitarie<\/li>\n<li style=\"text-align: justify;\">Promuovere uno stile di vita orientato alla tutela e al <strong>rispetto dell\u2019ambiente<\/strong> e diffondere la cultura &#8220;green&#8221;<\/li>\n<\/ul>\n","protected":false},"excerpt":{"rendered":"<p>Realizzare una comunit\u00e0 intergenerazionale di coabitazione sostenibile, basata su un modello di convivenza attiva e democrazia partecipata, sul reciproco sostegno e sulla volont\u00e0 di diventare soggetto aperto alle esigenze della comunit\u00e0 circostante mediante la promozione di attivit\u00e0 di natura sociale favore del territorio. La comunit\u00e0 si ispira ai principi di rispetto dell\u2019individuo, reciproca accettazione, solidariet\u00e0, [&hellip;]<\/p>\n","protected":false},"author":8,"featured_media":0,"parent":0,"menu_order":0,"comment_status":"closed","ping_status":"closed","template":"","meta":{"ngg_post_thumbnail":0,"footnotes":""},"class_list":["post-11","page","type-page","status-publish","hentry"],"_links":{"self":[{"href":"https:\/\/www.housingco.org\/index.php?rest_route=\/wp\/v2\/pages\/11","targetHints":{"allow":["GET"]}}],"collection":[{"href":"https:\/\/www.housingco.org\/index.php?rest_route=\/wp\/v2\/pages"}],"about":[{"href":"https:\/\/www.housingco.org\/index.php?rest_route=\/wp\/v2\/types\/page"}],"author":[{"embeddable":true,"href":"https:\/\/www.housingco.org\/index.php?rest_route=\/wp\/v2\/users\/8"}],"replies":[{"embeddable":true,"href":"https:\/\/www.housingco.org\/index.php?rest_route=%2Fwp%2Fv2%2Fcomments&post=11"}],"version-history":[{"count":7,"href":"https:\/\/www.housingco.org\/index.php?rest_route=\/wp\/v2\/pages\/11\/revisions"}],"predecessor-version":[{"id":673,"href":"https:\/\/www.housingco.org\/index.php?rest_route=\/wp\/v2\/pages\/11\/revisions\/673"}],"wp:attachment":[{"href":"https:\/\/www.housingco.org\/index.php?rest_route=%2Fwp%2Fv2%2Fmedia&parent=11"}],"curies":[{"name":"wp","href":"https:\/\/api.w.org\/{rel}","templated":true}]}}