{"id":84,"date":"2012-01-15T12:59:54","date_gmt":"2012-01-15T12:59:54","guid":{"rendered":"http:\/\/solidhouse.sinapto.net\/wordpress\/?page_id=84"},"modified":"2012-09-19T21:54:55","modified_gmt":"2012-09-19T21:54:55","slug":"cose-il-cohousing","status":"publish","type":"page","link":"https:\/\/www.housingco.org\/?page_id=84","title":{"rendered":"Cohousing?"},"content":{"rendered":"<blockquote>\n<p style=\"text-align: justify;\">Il cohousing non \u00e8 un utopia ma l\u2019esperienza quotidiana di migliaia di persone in tutto il mondo che hanno scelto di vivere in una comunit\u00e0 residenziale a servizi condivisi.<\/p>\n<p style=\"text-align: justify;\">Il cohousing nasce in Scandinavia negli anni 60, ed \u00e8 a oggi diffuso specialmente in Danimarca, Svezia, Olanda, Inghilterra, Stati Uniti, Canada, Australia, Giappone.<\/p>\n<p style=\"text-align: justify;\">Le comunit\u00e0 di cohousing combinano l\u2019autonomia dell\u2019abitazione privata con i vantaggi di servizi, risorse e spazi condivisi (micronidi, laboratori per il fai da te, auto in comune, palestre, stanze per gli ospiti, orti e giardini&#8230;) con benefici dal punto di vista sia sociale che ambientale.<\/p>\n<p style=\"text-align: justify;\">Tipicamente consistono in un insediamento di 20-40 unit\u00e0 abitative,\u00a0 per famiglie e single, che si sono scelti tra loro e hanno deciso di vivere come una \u201ccomunit\u00e0 di vicinato\u201d per poi dar vita \u2013 attraverso un processo di progettazione partecipata &#8211;\u00a0 alla realizzazione di un \u2018villaggio\u2019 dove coesistono spazi privati (la propria abitazione) e spazi comuni (i servizi condivisi).<\/p>\n<p style=\"text-align: justify;\">La progettazione partecipata riguarda sia il progetto edilizio vero e proprio \u2013 dove il design stesso facilita i contatti e le relazioni sociali \u2013 sia il progetto di comunit\u00e0: cosa e come condividere, come gestire i servizi e gli spazi comuni.<\/p>\n<p style=\"text-align: justify;\">Le motivazioni che portano alla coresidenza sono l\u2019aspirazione a ritrovare dimensioni perdute di socialit\u00e0, di aiuto reciproco e di buon vicinato e contemporaneamente il desiderio di ridurre la complessit\u00e0 della vita, dello stress e dei costi di gestione delle attivit\u00e0 quotidiane.<\/p>\n<\/blockquote>\n<p style=\"text-align: justify;\"><em>Dal sito <a href=\"http:\/\/www.cohousing.it\" target=\"_blank\">cohousing.it<\/a><\/em><\/p>\n","protected":false},"excerpt":{"rendered":"<p>Il cohousing non \u00e8 un utopia ma l\u2019esperienza quotidiana di migliaia di persone in tutto il mondo che hanno scelto di vivere in una comunit\u00e0 residenziale a servizi condivisi. Il cohousing nasce in Scandinavia negli anni 60, ed \u00e8 a oggi diffuso specialmente in Danimarca, Svezia, Olanda, Inghilterra, Stati Uniti, Canada, Australia, Giappone. Le comunit\u00e0 [&hellip;]<\/p>\n","protected":false},"author":8,"featured_media":0,"parent":0,"menu_order":0,"comment_status":"closed","ping_status":"closed","template":"","meta":{"ngg_post_thumbnail":0,"footnotes":""},"class_list":["post-84","page","type-page","status-publish","hentry"],"_links":{"self":[{"href":"https:\/\/www.housingco.org\/index.php?rest_route=\/wp\/v2\/pages\/84","targetHints":{"allow":["GET"]}}],"collection":[{"href":"https:\/\/www.housingco.org\/index.php?rest_route=\/wp\/v2\/pages"}],"about":[{"href":"https:\/\/www.housingco.org\/index.php?rest_route=\/wp\/v2\/types\/page"}],"author":[{"embeddable":true,"href":"https:\/\/www.housingco.org\/index.php?rest_route=\/wp\/v2\/users\/8"}],"replies":[{"embeddable":true,"href":"https:\/\/www.housingco.org\/index.php?rest_route=%2Fwp%2Fv2%2Fcomments&post=84"}],"version-history":[{"count":8,"href":"https:\/\/www.housingco.org\/index.php?rest_route=\/wp\/v2\/pages\/84\/revisions"}],"predecessor-version":[{"id":517,"href":"https:\/\/www.housingco.org\/index.php?rest_route=\/wp\/v2\/pages\/84\/revisions\/517"}],"wp:attachment":[{"href":"https:\/\/www.housingco.org\/index.php?rest_route=%2Fwp%2Fv2%2Fmedia&parent=84"}],"curies":[{"name":"wp","href":"https:\/\/api.w.org\/{rel}","templated":true}]}}